{"id":13,"date":"2020-10-22T14:57:07","date_gmt":"2020-10-22T14:57:07","guid":{"rendered":"https:\/\/vitisconsulting.pt\/?page_id=13"},"modified":"2022-10-12T13:54:10","modified_gmt":"2022-10-12T13:54:10","slug":"home","status":"publish","type":"page","link":"https:\/\/vitisconsulting.pt\/","title":{"rendered":"HOME"},"content":{"rendered":"<p>[et_pb_section fb_built=&#8221;1&#8243; disabled_on=&#8221;on|on|off&#8221; _builder_version=&#8221;4.7.4&#8243; _module_preset=&#8221;default&#8221; background_image=&#8221;https:\/\/vitisconsulting.pt\/wp-content\/uploads\/2020\/12\/math-PJrkLbUqMzQ-unsplash_1920.jpg&#8221; custom_margin=&#8221;||||false|false&#8221; custom_padding=&#8221;120px||135px||false|false&#8221; global_colors_info=&#8221;{}&#8221;][et_pb_row _builder_version=&#8221;4.6.5&#8243; _module_preset=&#8221;default&#8221; global_colors_info=&#8221;{}&#8221;][et_pb_column type=&#8221;4_4&#8243; _builder_version=&#8221;4.6.5&#8243; _module_preset=&#8221;default&#8221; global_colors_info=&#8221;{}&#8221;][et_pb_text _builder_version=&#8221;4.6.6&#8243; _module_preset=&#8221;default&#8221; width=&#8221;50%&#8221; module_alignment=&#8221;center&#8221; global_colors_info=&#8221;{}&#8221;]<\/p>\n<h1><em>Quando se navega sem destino,<\/em><\/h1>\n<h1><em> nenhum vento \u00e9 favor\u00e1vel.<\/em><\/h1>\n<h5 style=\"text-align: left;\"><em><span>Lucius Annaeus Seneca<\/span><\/em><\/h5>\n<p>[\/et_pb_text][\/et_pb_column][\/et_pb_row][\/et_pb_section][et_pb_section fb_built=&#8221;1&#8243; disabled_on=&#8221;on|off|on&#8221; _builder_version=&#8221;4.7.4&#8243; _module_preset=&#8221;default&#8221; background_image=&#8221;https:\/\/vitisconsulting.pt\/wp-content\/uploads\/2020\/12\/math-PJrkLbUqMzQ-unsplash_1920.jpg&#8221; custom_margin=&#8221;||||false|false&#8221; custom_padding=&#8221;30px||30px||false|false&#8221; global_colors_info=&#8221;{}&#8221;][et_pb_row _builder_version=&#8221;4.6.5&#8243; _module_preset=&#8221;default&#8221; global_colors_info=&#8221;{}&#8221;][et_pb_column type=&#8221;4_4&#8243; _builder_version=&#8221;4.6.5&#8243; _module_preset=&#8221;default&#8221; global_colors_info=&#8221;{}&#8221;][et_pb_text _builder_version=&#8221;4.6.6&#8243; _module_preset=&#8221;default&#8221; width=&#8221;80%&#8221; module_alignment=&#8221;center&#8221; global_colors_info=&#8221;{}&#8221;]<\/p>\n<h3><em>Quando se navega sem destino,<\/em><\/h3>\n<h3><em> nenhum vento \u00e9 favor\u00e1vel.<\/em><\/h3>\n<h5 style=\"text-align: left;\"><em><span>Lucius Annaeus Seneca<\/span><\/em><\/h5>\n<p>[\/et_pb_text][\/et_pb_column][\/et_pb_row][\/et_pb_section][et_pb_section fb_built=&#8221;1&#8243; disabled_on=&#8221;off|on|on&#8221; _builder_version=&#8221;4.7.4&#8243; _module_preset=&#8221;default&#8221; background_image=&#8221;https:\/\/vitisconsulting.pt\/wp-content\/uploads\/2020\/12\/math-PJrkLbUqMzQ-unsplash_1920.jpg&#8221; custom_margin=&#8221;||||false|false&#8221; custom_padding=&#8221;0px||0px||false|false&#8221; global_colors_info=&#8221;{}&#8221;][et_pb_row _builder_version=&#8221;4.7.1&#8243; _module_preset=&#8221;default&#8221; custom_padding=&#8221;||5px||false|false&#8221; global_colors_info=&#8221;{}&#8221;][et_pb_column type=&#8221;4_4&#8243; _builder_version=&#8221;4.6.5&#8243; _module_preset=&#8221;default&#8221; global_colors_info=&#8221;{}&#8221;][et_pb_text _builder_version=&#8221;4.7.1&#8243; _module_preset=&#8221;default&#8221; width=&#8221;90%&#8221; module_alignment=&#8221;center&#8221; global_colors_info=&#8221;{}&#8221;]<\/p>\n<h4><em>Quando se navega sem destino,<\/em><\/h4>\n<h4><em> nenhum vento \u00e9 favor\u00e1vel.<\/em><\/h4>\n<h6 style=\"text-align: left;\"><em><span>Lucius Annaeus Seneca<\/span><\/em><\/h6>\n<p>[\/et_pb_text][\/et_pb_column][\/et_pb_row][\/et_pb_section][et_pb_section fb_built=&#8221;1&#8243; disabled_on=&#8221;on|off|off&#8221; _builder_version=&#8221;4.6.6&#8243; _module_preset=&#8221;default&#8221; global_colors_info=&#8221;{}&#8221;][et_pb_row _builder_version=&#8221;4.6.6&#8243; _module_preset=&#8221;default&#8221; custom_padding=&#8221;||0px||false|false&#8221; global_colors_info=&#8221;{}&#8221;][et_pb_column type=&#8221;4_4&#8243; _builder_version=&#8221;4.6.6&#8243; _module_preset=&#8221;default&#8221; global_colors_info=&#8221;{}&#8221;][et_pb_text _builder_version=&#8221;4.7.1&#8243; _module_preset=&#8221;default&#8221; header_font=&#8221;|600||on|||||&#8221; header_text_color=&#8221;#635e3e&#8221; border_width_bottom=&#8221;2px&#8221; border_color_bottom=&#8221;#635e3e&#8221; global_colors_info=&#8221;{}&#8221;]<\/p>\n<h1>not\u00edcias<\/h1>\n<p>[\/et_pb_text][\/et_pb_column][\/et_pb_row][et_pb_row column_structure=&#8221;1_3,1_3,1_3&#8243; _builder_version=&#8221;4.6.5&#8243; _module_preset=&#8221;default&#8221; global_colors_info=&#8221;{}&#8221;][et_pb_column type=&#8221;1_3&#8243; _builder_version=&#8221;4.6.5&#8243; _module_preset=&#8221;default&#8221; global_colors_info=&#8221;{}&#8221;][et_pb_cta title=&#8221;Prorroga\u00e7\u00e3o do RFAI \u2013 Incentivo fiscal ao Investimento&#8221; button_url=&#8221;@ET-DC@eyJkeW5hbWljIjp0cnVlLCJjb250ZW50IjoicG9zdF9saW5rX3VybF9wYWdlIiwic2V0dGluZ3MiOnsicG9zdF9pZCI6IjEzOTIifX0=@&#8221; button_text=&#8221;Ler mais&#8221; _builder_version=&#8221;4.14.8&#8243; _dynamic_attributes=&#8221;button_url&#8221; _module_preset=&#8221;default&#8221; header_text_align=&#8221;left&#8221; header_text_color=&#8221;#635e3e&#8221; background_enable_color=&#8221;off&#8221; custom_button=&#8221;on&#8221; button_border_width=&#8221;0px&#8221; button_icon=&#8221;&#x35;||divi||400&#8243; button_on_hover=&#8221;off&#8221; button_alignment=&#8221;right&#8221; background_layout=&#8221;light&#8221; custom_padding=&#8221;|0px||0px||&#8221; hover_enabled=&#8221;0&#8243; global_colors_info=&#8221;{}&#8221; sticky_enabled=&#8221;0&#8243;]<\/p>\n<p style=\"text-align: left;\">Setembro 2022<\/p>\n<p style=\"text-align: left;\">Face \u00e0 aprova\u00e7\u00e3o pela comiss\u00e3o europeia em fevereiro de 2022 do novo mapa de aux\u00edlios estatais com finalidade regional e \u00e0 sua incorpora\u00e7\u00e3o no C\u00f3digo Fiscal ao Investimento por via do Or\u00e7amento Geral do Estado para 2022<\/p>\n<p>[\/et_pb_cta][\/et_pb_column][et_pb_column type=&#8221;1_3&#8243; _builder_version=&#8221;4.6.5&#8243; _module_preset=&#8221;default&#8221; global_colors_info=&#8221;{}&#8221;][et_pb_cta title=&#8221;Entrevista Regi\u00e3o de Leiria&#8221; button_url=&#8221;@ET-DC@eyJkeW5hbWljIjp0cnVlLCJjb250ZW50IjoicG9zdF9saW5rX3VybF9wYWdlIiwic2V0dGluZ3MiOnsicG9zdF9pZCI6IjEzNTAifX0=@&#8221; button_text=&#8221;Ler mais&#8221; _builder_version=&#8221;4.14.8&#8243; _dynamic_attributes=&#8221;button_url&#8221; _module_preset=&#8221;default&#8221; header_text_align=&#8221;left&#8221; header_text_color=&#8221;#635e3e&#8221; background_enable_color=&#8221;off&#8221; custom_button=&#8221;on&#8221; button_border_width=&#8221;0px&#8221; button_icon=&#8221;&#x35;||divi||400&#8243; button_on_hover=&#8221;off&#8221; button_alignment=&#8221;right&#8221; background_layout=&#8221;light&#8221; custom_padding=&#8221;|0px||0px||&#8221; global_colors_info=&#8221;{}&#8221;]<\/p>\n<p style=\"text-align: left;\">Fevereiro 2022<\/p>\n<p style=\"text-align: left;\">An\u00e1lise <b>VITIS<\/b> na imprensa \u2013 As perspectivas para os sectores de moldes e pl\u00e1sticos \u2013 caderno moldes e pl\u00e1sticos 2022 publicada no destac\u00e1vel do peri\u00f3dico \u201cRegi\u00e3o de Leiria\u201d de 3 de fevereiro de 2022<\/p>\n<p>[\/et_pb_cta][\/et_pb_column][et_pb_column type=&#8221;1_3&#8243; _builder_version=&#8221;4.6.6&#8243; _module_preset=&#8221;default&#8221; global_colors_info=&#8221;{}&#8221;][et_pb_cta title=&#8221;Pre\u00e7os de transfer\u00eancia com nova regulamenta\u00e7\u00e3o&#8221; button_url=&#8221;@ET-DC@eyJkeW5hbWljIjp0cnVlLCJjb250ZW50IjoicG9zdF9saW5rX3VybF9wYWdlIiwic2V0dGluZ3MiOnsicG9zdF9pZCI6IjEzMTYifX0=@&#8221; button_text=&#8221;Ler mais&#8221; _builder_version=&#8221;4.13.0&#8243; _dynamic_attributes=&#8221;button_url&#8221; _module_preset=&#8221;default&#8221; header_text_align=&#8221;left&#8221; header_text_color=&#8221;#635e3e&#8221; background_enable_color=&#8221;off&#8221; custom_button=&#8221;on&#8221; button_border_width=&#8221;0px&#8221; button_icon=&#8221;&#x35;||divi||400&#8243; button_on_hover=&#8221;off&#8221; button_alignment=&#8221;right&#8221; background_layout=&#8221;light&#8221; custom_padding=&#8221;|0px||0px|false|false&#8221; border_color_left=&#8221;#635e3e&#8221; global_colors_info=&#8221;{}&#8221;]<\/p>\n<p style=\"text-align: left;\">Janeiro 2022<\/p>\n<p style=\"text-align: left;\">Foram substancialmente alteradas as regras de pre\u00e7os de transfer\u00eancias em Portugal, nomeadamente com redu\u00e7\u00e3o significativa do \u00e2mbito de aplica\u00e7\u00e3o&#8230;<\/p>\n<p>[\/et_pb_cta][\/et_pb_column][\/et_pb_row][\/et_pb_section][et_pb_section fb_built=&#8221;1&#8243; disabled_on=&#8221;off|on|on&#8221; _builder_version=&#8221;4.6.6&#8243; _module_preset=&#8221;default&#8221; global_colors_info=&#8221;{}&#8221;][et_pb_row _builder_version=&#8221;4.6.6&#8243; _module_preset=&#8221;default&#8221; custom_padding=&#8221;||0px||false|false&#8221; global_colors_info=&#8221;{}&#8221;][et_pb_column type=&#8221;4_4&#8243; _builder_version=&#8221;4.6.6&#8243; _module_preset=&#8221;default&#8221; global_colors_info=&#8221;{}&#8221;][et_pb_text _builder_version=&#8221;4.7.1&#8243; _module_preset=&#8221;default&#8221; header_font=&#8221;|600||on|||||&#8221; header_text_color=&#8221;#635e3e&#8221; header_3_font=&#8221;|600||on|||||&#8221; header_3_text_color=&#8221;#635e3e&#8221; border_width_bottom=&#8221;2px&#8221; border_color_bottom=&#8221;#635e3e&#8221; global_colors_info=&#8221;{}&#8221;]<\/p>\n<h3>not\u00edcias<\/h3>\n<p>[\/et_pb_text][\/et_pb_column][\/et_pb_row][et_pb_row column_structure=&#8221;1_3,1_3,1_3&#8243; _builder_version=&#8221;4.6.5&#8243; _module_preset=&#8221;default&#8221; global_colors_info=&#8221;{}&#8221;][et_pb_column type=&#8221;1_3&#8243; _builder_version=&#8221;4.6.5&#8243; _module_preset=&#8221;default&#8221; global_colors_info=&#8221;{}&#8221;][et_pb_cta title=&#8221;Prorroga\u00e7\u00e3o do RFAI \u2013 Incentivo fiscal ao Investimento&#8221; button_url=&#8221;@ET-DC@eyJkeW5hbWljIjp0cnVlLCJjb250ZW50IjoicG9zdF9saW5rX3VybF9wYWdlIiwic2V0dGluZ3MiOnsicG9zdF9pZCI6IjEzOTIifX0=@&#8221; button_text=&#8221;Ler mais&#8221; _builder_version=&#8221;4.14.8&#8243; _dynamic_attributes=&#8221;button_url&#8221; _module_preset=&#8221;default&#8221; header_text_align=&#8221;left&#8221; header_text_color=&#8221;#635e3e&#8221; background_enable_color=&#8221;off&#8221; custom_button=&#8221;on&#8221; button_border_width=&#8221;0px&#8221; button_icon=&#8221;&#x35;||divi||400&#8243; button_on_hover=&#8221;off&#8221; button_alignment=&#8221;right&#8221; background_layout=&#8221;light&#8221; custom_padding=&#8221;|0px||0px||&#8221; hover_enabled=&#8221;0&#8243; global_colors_info=&#8221;{}&#8221; sticky_enabled=&#8221;0&#8243; header_level=&#8221;h3&#8243;]<\/p>\n<p style=\"text-align: left;\">Setembro 2022<\/p>\n<p style=\"text-align: left;\">Face \u00e0 aprova\u00e7\u00e3o pela comiss\u00e3o europeia em fevereiro de 2022 do novo mapa de aux\u00edlios estatais com finalidade regional e \u00e0 sua incorpora\u00e7\u00e3o no C\u00f3digo Fiscal ao Investimento por via do Or\u00e7amento Geral do Estado para 2022<\/p>\n<p>[\/et_pb_cta][\/et_pb_column][et_pb_column type=&#8221;1_3&#8243; _builder_version=&#8221;4.6.5&#8243; _module_preset=&#8221;default&#8221; global_colors_info=&#8221;{}&#8221;][et_pb_cta title=&#8221;Entrevista Regi\u00e3o de Leiria&#8221; button_url=&#8221;@ET-DC@eyJkeW5hbWljIjp0cnVlLCJjb250ZW50IjoicG9zdF9saW5rX3VybF9wYWdlIiwic2V0dGluZ3MiOnsicG9zdF9pZCI6IjEzNTAifX0=@&#8221; button_text=&#8221;Ler mais&#8221; _builder_version=&#8221;4.14.8&#8243; _dynamic_attributes=&#8221;button_url&#8221; _module_preset=&#8221;default&#8221; header_level=&#8221;h3&#8243; header_text_align=&#8221;left&#8221; header_text_color=&#8221;#635e3e&#8221; background_enable_color=&#8221;off&#8221; custom_button=&#8221;on&#8221; button_border_width=&#8221;0px&#8221; button_icon=&#8221;&#x35;||divi||400&#8243; button_on_hover=&#8221;off&#8221; button_alignment=&#8221;right&#8221; background_layout=&#8221;light&#8221; custom_padding=&#8221;|0px||0px||&#8221; global_colors_info=&#8221;{}&#8221;]<\/p>\n<p style=\"text-align: left;\">Fevereiro 2022<\/p>\n<p style=\"text-align: left;\">An\u00e1lise <b>VITIS<\/b> na imprensa \u2013 As perspectivas para os sectores de moldes e pl\u00e1sticos \u2013 caderno moldes e pl\u00e1sticos 2022 publicada no destac\u00e1vel do peri\u00f3dico \u201cRegi\u00e3o de Leiria\u201d de 3 de fevereiro de 2022<\/p>\n<p>[\/et_pb_cta][\/et_pb_column][et_pb_column type=&#8221;1_3&#8243; _builder_version=&#8221;4.6.6&#8243; _module_preset=&#8221;default&#8221; global_colors_info=&#8221;{}&#8221;][et_pb_cta title=&#8221;Pre\u00e7os de transfer\u00eancia com nova regulamenta\u00e7\u00e3o&#8221; button_url=&#8221;@ET-DC@eyJkeW5hbWljIjp0cnVlLCJjb250ZW50IjoicG9zdF9saW5rX3VybF9wYWdlIiwic2V0dGluZ3MiOnsicG9zdF9pZCI6IjEzMTYifX0=@&#8221; button_text=&#8221;Ler mais&#8221; _builder_version=&#8221;4.13.0&#8243; _dynamic_attributes=&#8221;button_url&#8221; _module_preset=&#8221;default&#8221; header_level=&#8221;h3&#8243; header_text_align=&#8221;left&#8221; header_text_color=&#8221;#635e3e&#8221; background_enable_color=&#8221;off&#8221; custom_button=&#8221;on&#8221; button_border_width=&#8221;0px&#8221; button_icon=&#8221;&#x35;||divi||400&#8243; button_on_hover=&#8221;off&#8221; button_alignment=&#8221;right&#8221; background_layout=&#8221;light&#8221; custom_padding=&#8221;|0px||0px|false|false&#8221; border_color_left=&#8221;#635e3e&#8221; global_colors_info=&#8221;{}&#8221;]<\/p>\n<p style=\"text-align: left;\">Janeiro 2022<\/p>\n<p style=\"text-align: left;\">Foram substancialmente alteradas as regras de pre\u00e7os de transfer\u00eancias em Portugal, nomeadamente com redu\u00e7\u00e3o significativa do \u00e2mbito de aplica\u00e7\u00e3o&#8230;<\/p>\n<p>[\/et_pb_cta][\/et_pb_column][\/et_pb_row][\/et_pb_section]<\/p>\n","protected":false},"excerpt":{"rendered":"<p>Quando se navega sem destino, nenhum vento \u00e9 favor\u00e1vel. Lucius Annaeus SenecaQuando se navega sem destino, nenhum vento \u00e9 favor\u00e1vel. Lucius Annaeus SenecaQuando se navega sem destino, nenhum vento \u00e9 favor\u00e1vel. Lucius Annaeus Senecanot\u00edciasSetembro 2022 Face \u00e0 aprova\u00e7\u00e3o pela comiss\u00e3o europeia em fevereiro de 2022 do novo mapa de aux\u00edlios estatais com finalidade regional e [&hellip;]<\/p>\n","protected":false},"author":1,"featured_media":0,"parent":0,"menu_order":0,"comment_status":"closed","ping_status":"closed","template":"","meta":{"_et_pb_use_builder":"on","_et_pb_old_content":"","_et_gb_content_width":""},"_links":{"self":[{"href":"https:\/\/vitisconsulting.pt\/index.php\/wp-json\/wp\/v2\/pages\/13"}],"collection":[{"href":"https:\/\/vitisconsulting.pt\/index.php\/wp-json\/wp\/v2\/pages"}],"about":[{"href":"https:\/\/vitisconsulting.pt\/index.php\/wp-json\/wp\/v2\/types\/page"}],"author":[{"embeddable":true,"href":"https:\/\/vitisconsulting.pt\/index.php\/wp-json\/wp\/v2\/users\/1"}],"replies":[{"embeddable":true,"href":"https:\/\/vitisconsulting.pt\/index.php\/wp-json\/wp\/v2\/comments?post=13"}],"version-history":[{"count":54,"href":"https:\/\/vitisconsulting.pt\/index.php\/wp-json\/wp\/v2\/pages\/13\/revisions"}],"predecessor-version":[{"id":1399,"href":"https:\/\/vitisconsulting.pt\/index.php\/wp-json\/wp\/v2\/pages\/13\/revisions\/1399"}],"wp:attachment":[{"href":"https:\/\/vitisconsulting.pt\/index.php\/wp-json\/wp\/v2\/media?parent=13"}],"curies":[{"name":"wp","href":"https:\/\/api.w.org\/{rel}","templated":true}]}}